{"id":7,"date":"2021-05-05T12:42:26","date_gmt":"2021-05-05T10:42:26","guid":{"rendered":"http:\/\/www.dk9hundskola.se\/index.php\/one-page-express-pro\/"},"modified":"2026-02-10T13:54:56","modified_gmt":"2026-02-10T12:54:56","slug":"one-page-express-pro","status":"publish","type":"page","link":"https:\/\/www.dk9hundskola.se\/","title":{"rendered":"Hem"},"content":{"rendered":"<div  data-label=\"Overlapable\" data-id=\"stripped-features-image-cards-section\" data-category=\"overlapable\" data-=\"\" class=\"features-image-cards-section stripped-features-image-cards-section\" data-overlap=\"true\" id=\"overlapable-3\" style=\"background-color: rgb(255, 255, 255); background-image: none;\" data-ovid=\"ovid-overlapable-3-223\"> <div  class=\"gridContainer\"> <div  class=\"features-image-cards-innerrow flexbox-list\" data-type=\"row\"> <div  class=\"features-image-cards-cardcol cp6cols-tablet cp6cols\"> <div  class=\"features-image-cards-cardrow\"><img  decoding=\"async\" class=\"features-image-cards-featimg\" src=\"https:\/\/www.dk9hundskola.se\/wp-content\/uploads\/2021\/10\/20200720_170952-scaled.jpg\" alt=\"Narkotikas\u00f6k\"> <div  class=\"features-image-cards-cardtextrow\" data-type=\"column\"> <h4  class=\"\">Narkotikas\u00f6k \u2013 prova p\u00e5<span  style=\"color: rgb(255, 0, 0);\"><\/span><span  id=\"_mce_caret\" data-mce-bogus=\"1\" data-mce-type=\"format-caret\"><span  style=\"color: rgb(255, 0, 0);\"><\/span><\/span><\/h4> <p  class=\"\">G\u00e5 en prova p\u00e5 helg med narkotikas\u00f6k. L\u00e4r din hund s\u00f6ka efter cannabis och f\u00e5 kunskap om hur ett privat narkotikahundekipage arbetar.\n<\/p> <hr  class=\"features-image-cards-separator\"> <i  class=\"fa cp-icon fa6 fa-arrow-circle-right color7\"><\/i><a  href=\"https:\/\/www.dk9hundskola.se\/index.php\/hundkurser\/#narkotikasok\" class=\"\" target=\"_self\" rel=\"noopener\"> l\u00e4s mer h\u00e4r<\/a><\/div> <\/div> <\/div> <div  class=\"features-image-cards-cardcol cp6cols-tablet cp6cols\"> <div  class=\"features-image-cards-cardrow\"><img  decoding=\"async\" class=\"features-image-cards-featimg\" src=\"https:\/\/www.dk9hundskola.se\/wp-content\/uploads\/2021\/12\/20200330_180630-scaled.jpg\" alt=\"\"> <div  class=\"features-image-cards-cardtextrow\" data-type=\"column\"> <h4  class=\"\">Narkotikas\u00f6k \u2013 yrkesutbildning<\/h4> <p  class=\"\">Yrkesutbildning f\u00f6r dig som vill arbeta med narkotikas\u00f6k. Din hund l\u00e4r sig hitta alla de vanligaste narkotiska preparaten och du f\u00e5r en djupg\u00e5ende utbildning i att tr\u00e4na och arbeta med narkotikahundar.<\/p> <hr  class=\"features-image-cards-separator\"> <i  class=\"fa cp-icon fa6 fa-arrow-circle-right color7\"><\/i><a  href=\"https:\/\/www.dk9hundskola.se\/index.php\/hundkurser\/#narkotikayrke\" class=\"\" target=\"_self\" rel=\"noopener\"> l\u00e4s mer h\u00e4r<\/a><\/div> <\/div> <\/div>  <\/div> <\/div><\/div><div  id=\"content-3\" style=\"background-color: #ffffff;\" data-label=\"Content\" data-id=\"content-image-left\" data-category=\"content\" class=\"content-left-image-section\"> <div  class=\"gridContainer\"> <div  class=\"row\"> <div  class=\"content-left-image-imgcol\" data-type=\"column\"> <img  decoding=\"async\" src=\"https:\/\/www.dk9hundskola.se\/wp-content\/uploads\/2023\/03\/company_h_brand1.jpg\" class=\"\" alt=\"H-m\u00e4rkt 2023\"> <\/div> <div  class=\"content-left-image-textcol dynamic-color\" data-type=\"column\"> <h2  class=\"\">100% positiv tr\u00e4ning<\/h2> <p  class=\"large_text\">Hundtr\u00e4ning ska vara kul och givande f\u00f6r b\u00e5de hund och m\u00e4nniska. D\u00e4rf\u00f6r anv\u00e4nder vi oss aldrig av n\u00e5gon form av bestraffningar eller korrigeringar utan enbart av bel\u00f6ningar som ber\u00e4ttar f\u00f6r hunden n\u00e4r den gjort r\u00e4tt. Vi arbetar ocks\u00e5 ofta med klicker, eftersom det \u00e4r ett smidigt verktyg f\u00f6r att kommunicera med din hund och f\u00e5 till en perfekt timing.\n<br >\n<br >Vi bygger all v\u00e5r tr\u00e4ning p\u00e5 en vetenskaplig grund och med h\u00e4nsyn till hundens v\u00e4lbefinnande.<\/p>  <a  href=\"https:\/\/sverigeshundforetagare.se\/agare\/h-markt-av-sveriges-hundforetagare\" class=\"\" target=\"_blank\" rel=\"noopener\">Jag \u00e4r H-m\u00e4rkt och medlem i Sveriges Hundf\u00f6retagare.<\/a><\/div> <\/div> <\/div> <\/div><div  id=\"content-4\" style=\"background-color: #f6f6f6;\" data-label=\"Content\" data-id=\"content-image-right\" data-category=\"content\" class=\"content-right-image-section\"> <div  class=\"gridContainer\"> <div  class=\"content-right-image-gridcol\"> <div  class=\"content-right-image-textcol dynamic-color\" data-type=\"column\"> <h2  class=\"\">Bakgrund<\/h2> <p  class=\"large_text\">Andreas Rimheden \u00e4r utbildad narkotikahundf\u00f6rare, hundinstrukt\u00f6r och beteendeutredare, har studerat hundens etologi p\u00e5 universitet, samt l\u00e4st specialinriktade kurser inom bland annat separations\u00e5ngest hos hundar, frivillig hantering och dragsport. Han har \u00e4ven en gedigen bakgrund med kunskap inom humanvetenskap, s\u00e5som pedagogik och psykologi. Hund har han haft sedan ton\u00e5ren och han har just nu en malinois-tik och tv\u00e5 hanhundar, en str\u00e4vh\u00e5rig vorsteh och en malinois, som \u00e4r utbildade till att s\u00f6ka narkotika.\n<\/p>  <\/div> <div  class=\"content-right-image-imgcol\" data-type=\"column\"> <img  decoding=\"async\" src=\"https:\/\/www.dk9hundskola.se\/wp-content\/uploads\/2021\/06\/IMG_0418.jpeg\" class=\"\" alt=\"Andreas Rimheden\"> <\/div> <\/div> <\/div> <\/div><div  id=\"cta-1\" data-label=\"Call to action\" data-id=\"cta-blue-section\" data-category=\"cta\" class=\"cta-blue-section\" style=\"background-image: none; background-color: rgb(0, 0, 0);\" data-ovid=\"ovid-cta-1-89\"> <div  class=\"gridContainer\"> <div  class=\"flexbox-list flexbox-list-align-center row\"> <div  class=\"cta-blue-textcol dynamic-color\"> <h2  class=\"cta-blue-text\"> <b  class=\"element2\"> Kontakta oss! <\/b>St\u00e4ll fr\u00e5gor, anm\u00e4l ditt intresse till kurs med mera\u2026<\/h2> <\/div> <div  class=\"cta-blue-btncol\"> <a  class=\"button big color2 white-text\" href=\"#contact-4\" target=\"_self\" data-icon=\"fa-envelope\" rel=\"noopener\"><span  class=\"button-icon fa fa-envelope\"><\/span> Intresseanm\u00e4lan <\/a> <\/div> <\/div> <\/div> <\/div><div  id=\"latest-posts\" style=\"background-color: #ffffff;\" data-label=\"Latest posts\" data-id=\"blog-section\" data-category=\"latest_news\" class=\"blog-section\"> <div  class=\"gridContainer\"> <div  class=\"blog-textrow\"> <div  class=\"blog-textcol dynamic-color\" data-type=\"column\"> <h2  class=\"\">Nyheter<\/h2> <p  class=\"\">Senaste nyheterna om DK-9 Hundskola, v\u00e5r verksamhet och hundv\u00e4rlden i stort.<\/p> <\/div> <\/div> <div  class=\"blog-postsrow dark-text\" data-type=\"row\" data-dynamic-columns=\"one_page_express_latest_news_columns\" data-content-shortcode=\"one_page_express_latest_news\">\t\t\t<div id=\"post-515\" class=\"blog-postcol cp4cols\">\n\t\t\t<div class=\"post-content\">\n\t\t\t\t\t\t\t\t<div class=\"row_345\">\n\t\t\t\t\t<h3 class=\"blog-title\">\n\t\t\t\t\t\t<a href=\"https:\/\/skillbreak.com\/en\/experts\/13094-andreas-rimheden\" rel=\"bookmark\">\n\t\t\t\t\t\t\tSkillbreak\t\t\t\t\t\t<\/a>\n\t\t\t\t\t<\/h3>\n\t\t\t\t\t<p>Jag \u00e4r utvald av Skillbreak inom kategorin Djur. Skillbreak \u00e4r Sveriges st\u00f6rsta marknadsplats f\u00f6r l\u00e4rande och uppm\u00e4rksammar \u00e4mnesexperter inom bland annat djur, natur och friluftsliv. Se mer om mina kurser[&hellip;]<\/p>\n\t\t\t\t\t<a class=\"button blue small\" href=\"https:\/\/skillbreak.com\/en\/experts\/13094-andreas-rimheden\">\n\t\t\t\t\t\t<span data-theme=\"one_page_express_latest_news_read_more\">Read more<\/span>\n\t\t\t\t\t<\/a>\n\t\t\t\t\t<hr class=\"blog-separator\">\n<div class=\"post-header\">\n    <i class=\"font-icon-post fa fa-user\"><\/i>\n    <a href=\"https:\/\/www.dk9hundskola.se\/index.php\/author\/andreas\/\" title=\"Inl\u00e4gg av andreas\" rel=\"author\">andreas<\/a>    <i class=\"font-icon-post fa fa-calendar\"><\/i>\n    <span class=\"span12\">2 juni, 2022<\/span>\n\n    <i class=\"font-icon-post fa fa-comment-o\"><\/i>\n    <span>0<\/span>\n<\/div>\t\t\t\t<\/div>\n\t\t\t<\/div>\n\t\t<\/div>\n\t\t\t\t<div id=\"post-1\" class=\"blog-postcol cp4cols\">\n\t\t\t<div class=\"post-content\">\n\t\t\t\t\t\t\t\t<div class=\"row_345\">\n\t\t\t\t\t<h3 class=\"blog-title\">\n\t\t\t\t\t\t<a href=\"https:\/\/www.dk9hundskola.se\/index.php\/2021\/05\/05\/hej-varlden\/\" rel=\"bookmark\">\n\t\t\t\t\t\t\tNu startar vi!\t\t\t\t\t\t<\/a>\n\t\t\t\t\t<\/h3>\n\t\t\t\t\t<p>Efter genomg\u00e5ngen utbildning till hundinstrukt\u00f6r och hundpsykolog \u00e4r jag nu taggad p\u00e5 att komma ig\u00e5ng och aktivera er och era hundar med diverse kul sysslor. F\u00f6rst ut blir tv\u00e5 kurser:[&hellip;]<\/p>\n\t\t\t\t\t<a class=\"button blue small\" href=\"https:\/\/www.dk9hundskola.se\/index.php\/2021\/05\/05\/hej-varlden\/\">\n\t\t\t\t\t\t<span data-theme=\"one_page_express_latest_news_read_more\">Read more<\/span>\n\t\t\t\t\t<\/a>\n\t\t\t\t\t<hr class=\"blog-separator\">\n<div class=\"post-header\">\n    <i class=\"font-icon-post fa fa-user\"><\/i>\n    <a href=\"https:\/\/www.dk9hundskola.se\/index.php\/author\/andreas\/\" title=\"Inl\u00e4gg av andreas\" rel=\"author\">andreas<\/a>    <i class=\"font-icon-post fa fa-calendar\"><\/i>\n    <span class=\"span12\">5 maj, 2021<\/span>\n\n    <i class=\"font-icon-post fa fa-comment-o\"><\/i>\n    <span>0<\/span>\n<\/div>\t\t\t\t<\/div>\n\t\t\t<\/div>\n\t\t<\/div>\n\t\t<\/div> <div  class=\"blog-textcol\"> <a  class=\"button color2\" data-attr-shortcode=\"href:one_page_express_blog_link\" href=\"https:\/\/www.dk9hundskola.se\/index.php\/nyheter\/\" data-icon=\"\">L\u00e4s tidigare inl\u00e4gg\u2026<\/a> <\/div> <\/div><\/div><div  id=\"contact-4\" data-label=\"Contact\" data-id=\"contact-section\" data-category=\"contact\" data-bg=\"transparent\" class=\"contact-section-formsection white-text\"> <div  class=\"gridContainer\"> <div  class=\"row_224\"> <div  class=\"contact-textrow\"> <div  class=\"contact-textcol dynamic-color\"> <h2 >Skicka ett meddelande:<\/h2> <p  class=\"white_text\">H\u00f6r av dig till oss genom att fylla i formul\u00e4ret nedan, s\u00e5 \u00e5terkommer vi, vanligen samma dag.<\/p> <\/div> <\/div> <\/div> <div  class=\"contact-formcol\" data-content-shortcode=\"one_page_express_contact_form shortcode=&quot;contact-form-7 id=&amp;amp;quot;6&amp;amp;quot; title=&amp;amp;quot;Contact form 1&amp;amp;quot;&quot;\" data-editable=\"true\">\n<div class=\"wpcf7 no-js\" id=\"wpcf7-f6-o1\" lang=\"sv-SE\" dir=\"ltr\" data-wpcf7-id=\"6\">\n<div class=\"screen-reader-response\"><p role=\"status\" aria-live=\"polite\" aria-atomic=\"true\"><\/p> <ul><\/ul><\/div>\n<form action=\"\/index.php\/wp-json\/wp\/v2\/pages\/7#wpcf7-f6-o1\" method=\"post\" class=\"wpcf7-form init\" aria-label=\"Kontaktformul\u00e4r\" novalidate=\"novalidate\" data-status=\"init\">\n<fieldset class=\"hidden-fields-container\"><input type=\"hidden\" name=\"_wpcf7\" value=\"6\" \/><input type=\"hidden\" name=\"_wpcf7_version\" value=\"6.1.5\" \/><input type=\"hidden\" name=\"_wpcf7_locale\" value=\"sv_SE\" \/><input type=\"hidden\" name=\"_wpcf7_unit_tag\" value=\"wpcf7-f6-o1\" \/><input type=\"hidden\" name=\"_wpcf7_container_post\" value=\"0\" \/><input type=\"hidden\" name=\"_wpcf7_posted_data_hash\" value=\"\" \/>\n<\/fieldset>\n<p><label> Ditt namn<br \/>\n<span class=\"wpcf7-form-control-wrap\" data-name=\"ditt-namn\"><input size=\"40\" maxlength=\"400\" class=\"wpcf7-form-control wpcf7-text wpcf7-validates-as-required\" aria-required=\"true\" aria-invalid=\"false\" value=\"\" type=\"text\" name=\"ditt-namn\" \/><\/span> <\/label>\n<\/p>\n<p><label> Din e-post<br \/>\n<span class=\"wpcf7-form-control-wrap\" data-name=\"din-epost\"><input size=\"40\" maxlength=\"400\" class=\"wpcf7-form-control wpcf7-email wpcf7-validates-as-required wpcf7-text wpcf7-validates-as-email\" aria-required=\"true\" aria-invalid=\"false\" value=\"\" type=\"email\" name=\"din-epost\" \/><\/span> <\/label>\n<\/p>\n<p><label> Ang\u00e5ende<br \/>\n<span class=\"wpcf7-form-control-wrap\" data-name=\"ditt-subject\"><select class=\"wpcf7-form-control wpcf7-select\" aria-invalid=\"false\" name=\"ditt-subject\"><option value=\"V\u00e4lj alternativ...\">V\u00e4lj alternativ...<\/option><option value=\"Fr\u00e5gor om kurser\">Fr\u00e5gor om kurser<\/option><option value=\"Presentkort\">Presentkort<\/option><option value=\"Hundpsykolog\">Hundpsykolog<\/option><\/select><\/span><\/label>\n<\/p>\n<p><label> Meddelande<br \/>\n<span class=\"wpcf7-form-control-wrap\" data-name=\"ditt-meddelande\"><textarea cols=\"40\" rows=\"10\" maxlength=\"2000\" class=\"wpcf7-form-control wpcf7-textarea\" aria-invalid=\"false\" name=\"ditt-meddelande\"><\/textarea><\/span> <\/label>\n<\/p>\n<p><input class=\"wpcf7-form-control wpcf7-submit has-spinner\" type=\"submit\" value=\"Skicka\" \/>\n<\/p><div class=\"wpcf7-response-output\" aria-hidden=\"true\"><\/div>\n<\/form>\n<\/div>\n<\/div> <\/div><\/div>","protected":false},"excerpt":{"rendered":"<p>Narkotikas\u00f6k \u2013 prova p\u00e5 G\u00e5 en prova p\u00e5 helg med narkotikas\u00f6k. L\u00e4r din hund s\u00f6ka efter cannabis och f\u00e5 kunskap om hur ett privat narkotikahundekipage arbetar. l\u00e4s mer h\u00e4r Narkotikas\u00f6k \u2013 yrkesutbildning Yrkesutbildning f\u00f6r dig som vill arbeta med narkotikas\u00f6k. Din hund l\u00e4r sig hitta alla de vanligaste narkotiska preparaten och du f\u00e5r en djupg\u00e5ende&hellip; <br \/> <a class=\"button small blue\" href=\"https:\/\/www.dk9hundskola.se\/index.php\/2021\/05\/05\/hej-varlden\/\">L\u00e4s mer<\/a><\/p>\n","protected":false},"author":1,"featured_media":0,"parent":0,"menu_order":0,"comment_status":"closed","ping_status":"closed","template":"full-width-page.php","meta":{"footnotes":"","_links_to":"","_links_to_target":""},"class_list":["post-7","page","type-page","status-publish","hentry"],"yoast_head":"<!-- This site is optimized with the Yoast SEO plugin v27.1.1 - https:\/\/yoast.com\/product\/yoast-seo-wordpress\/ -->\n<title>Hem - DK-9 Hundskola<\/title>\n<meta name=\"robots\" content=\"index, follow, max-snippet:-1, max-image-preview:large, max-video-preview:-1\" \/>\n<link rel=\"canonical\" href=\"https:\/\/www.dk9hundskola.se\/\" \/>\n<meta property=\"og:locale\" content=\"sv_SE\" \/>\n<meta property=\"og:type\" content=\"article\" \/>\n<meta property=\"og:title\" content=\"Hem - DK-9 Hundskola\" \/>\n<meta property=\"og:description\" content=\"Narkotikas\u00f6k \u2013 prova p\u00e5 G\u00e5 en prova p\u00e5 helg med narkotikas\u00f6k. L\u00e4r din hund s\u00f6ka efter cannabis och f\u00e5 kunskap om hur ett privat narkotikahundekipage arbetar. l\u00e4s mer h\u00e4r Narkotikas\u00f6k \u2013 yrkesutbildning Yrkesutbildning f\u00f6r dig som vill arbeta med narkotikas\u00f6k. Din hund l\u00e4r sig hitta alla de vanligaste narkotiska preparaten och du f\u00e5r en djupg\u00e5ende&hellip; L\u00e4s mer\" \/>\n<meta property=\"og:url\" content=\"https:\/\/www.dk9hundskola.se\/\" \/>\n<meta property=\"og:site_name\" content=\"DK-9 Hundskola\" \/>\n<meta property=\"article:publisher\" content=\"https:\/\/www.facebook.com\/dk9hundskola\/\" \/>\n<meta property=\"article:modified_time\" content=\"2026-02-10T12:54:56+00:00\" \/>\n<meta property=\"og:image\" content=\"https:\/\/www.dk9hundskola.se\/wp-content\/uploads\/2021\/10\/20200720_170952-scaled.jpg\" \/>\n<meta name=\"twitter:card\" content=\"summary_large_image\" \/>\n<meta name=\"twitter:label1\" content=\"Ber\u00e4knad l\u00e4stid\" \/>\n\t<meta name=\"twitter:data1\" content=\"2 minuter\" \/>\n<script type=\"application\/ld+json\" class=\"yoast-schema-graph\">{\"@context\":\"https:\/\/schema.org\",\"@graph\":[{\"@type\":\"WebPage\",\"@id\":\"https:\/\/www.dk9hundskola.se\/\",\"url\":\"https:\/\/www.dk9hundskola.se\/\",\"name\":\"Hem - DK-9 Hundskola\",\"isPartOf\":{\"@id\":\"https:\/\/www.dk9hundskola.se\/#website\"},\"primaryImageOfPage\":{\"@id\":\"https:\/\/www.dk9hundskola.se\/#primaryimage\"},\"image\":{\"@id\":\"https:\/\/www.dk9hundskola.se\/#primaryimage\"},\"thumbnailUrl\":\"https:\/\/www.dk9hundskola.se\/wp-content\/uploads\/2021\/10\/20200720_170952-scaled.jpg\",\"datePublished\":\"2021-05-05T10:42:26+00:00\",\"dateModified\":\"2026-02-10T12:54:56+00:00\",\"breadcrumb\":{\"@id\":\"https:\/\/www.dk9hundskola.se\/#breadcrumb\"},\"inLanguage\":\"sv-SE\",\"potentialAction\":[{\"@type\":\"ReadAction\",\"target\":[\"https:\/\/www.dk9hundskola.se\/\"]}]},{\"@type\":\"ImageObject\",\"inLanguage\":\"sv-SE\",\"@id\":\"https:\/\/www.dk9hundskola.se\/#primaryimage\",\"url\":\"https:\/\/www.dk9hundskola.se\/wp-content\/uploads\/2021\/10\/20200720_170952-scaled.jpg\",\"contentUrl\":\"https:\/\/www.dk9hundskola.se\/wp-content\/uploads\/2021\/10\/20200720_170952-scaled.jpg\",\"width\":2560,\"height\":1440,\"caption\":\"Narkotikas\u00f6k\"},{\"@type\":\"BreadcrumbList\",\"@id\":\"https:\/\/www.dk9hundskola.se\/#breadcrumb\",\"itemListElement\":[{\"@type\":\"ListItem\",\"position\":1,\"name\":\"Hem\",\"item\":\"https:\/\/www.dk9hundskola.se\/\"},{\"@type\":\"ListItem\",\"position\":2,\"name\":\"Hem\"}]},{\"@type\":\"WebSite\",\"@id\":\"https:\/\/www.dk9hundskola.se\/#website\",\"url\":\"https:\/\/www.dk9hundskola.se\/\",\"name\":\"DK-9 Hundskola\",\"description\":\"Hundkurser, beteendeutredning\",\"publisher\":{\"@id\":\"https:\/\/www.dk9hundskola.se\/#organization\"},\"potentialAction\":[{\"@type\":\"SearchAction\",\"target\":{\"@type\":\"EntryPoint\",\"urlTemplate\":\"https:\/\/www.dk9hundskola.se\/?s={search_term_string}\"},\"query-input\":{\"@type\":\"PropertyValueSpecification\",\"valueRequired\":true,\"valueName\":\"search_term_string\"}}],\"inLanguage\":\"sv-SE\"},{\"@type\":\"Organization\",\"@id\":\"https:\/\/www.dk9hundskola.se\/#organization\",\"name\":\"DK-9 Hundskola\",\"url\":\"https:\/\/www.dk9hundskola.se\/\",\"logo\":{\"@type\":\"ImageObject\",\"inLanguage\":\"sv-SE\",\"@id\":\"https:\/\/www.dk9hundskola.se\/#\/schema\/logo\/image\/\",\"url\":\"https:\/\/www.dk9hundskola.se\/wp-content\/uploads\/2021\/05\/logo.png\",\"contentUrl\":\"https:\/\/www.dk9hundskola.se\/wp-content\/uploads\/2021\/05\/logo.png\",\"width\":349,\"height\":70,\"caption\":\"DK-9 Hundskola\"},\"image\":{\"@id\":\"https:\/\/www.dk9hundskola.se\/#\/schema\/logo\/image\/\"},\"sameAs\":[\"https:\/\/www.facebook.com\/dk9hundskola\/\"]}]}<\/script>\n<!-- \/ Yoast SEO plugin. -->","yoast_head_json":{"title":"Hem - DK-9 Hundskola","robots":{"index":"index","follow":"follow","max-snippet":"max-snippet:-1","max-image-preview":"max-image-preview:large","max-video-preview":"max-video-preview:-1"},"canonical":"https:\/\/www.dk9hundskola.se\/","og_locale":"sv_SE","og_type":"article","og_title":"Hem - DK-9 Hundskola","og_description":"Narkotikas\u00f6k \u2013 prova p\u00e5 G\u00e5 en prova p\u00e5 helg med narkotikas\u00f6k. L\u00e4r din hund s\u00f6ka efter cannabis och f\u00e5 kunskap om hur ett privat narkotikahundekipage arbetar. l\u00e4s mer h\u00e4r Narkotikas\u00f6k \u2013 yrkesutbildning Yrkesutbildning f\u00f6r dig som vill arbeta med narkotikas\u00f6k. Din hund l\u00e4r sig hitta alla de vanligaste narkotiska preparaten och du f\u00e5r en djupg\u00e5ende&hellip; L\u00e4s mer","og_url":"https:\/\/www.dk9hundskola.se\/","og_site_name":"DK-9 Hundskola","article_publisher":"https:\/\/www.facebook.com\/dk9hundskola\/","article_modified_time":"2026-02-10T12:54:56+00:00","og_image":[{"url":"https:\/\/www.dk9hundskola.se\/wp-content\/uploads\/2021\/10\/20200720_170952-scaled.jpg","type":"","width":"","height":""}],"twitter_card":"summary_large_image","twitter_misc":{"Ber\u00e4knad l\u00e4stid":"2 minuter"},"schema":{"@context":"https:\/\/schema.org","@graph":[{"@type":"WebPage","@id":"https:\/\/www.dk9hundskola.se\/","url":"https:\/\/www.dk9hundskola.se\/","name":"Hem - DK-9 Hundskola","isPartOf":{"@id":"https:\/\/www.dk9hundskola.se\/#website"},"primaryImageOfPage":{"@id":"https:\/\/www.dk9hundskola.se\/#primaryimage"},"image":{"@id":"https:\/\/www.dk9hundskola.se\/#primaryimage"},"thumbnailUrl":"https:\/\/www.dk9hundskola.se\/wp-content\/uploads\/2021\/10\/20200720_170952-scaled.jpg","datePublished":"2021-05-05T10:42:26+00:00","dateModified":"2026-02-10T12:54:56+00:00","breadcrumb":{"@id":"https:\/\/www.dk9hundskola.se\/#breadcrumb"},"inLanguage":"sv-SE","potentialAction":[{"@type":"ReadAction","target":["https:\/\/www.dk9hundskola.se\/"]}]},{"@type":"ImageObject","inLanguage":"sv-SE","@id":"https:\/\/www.dk9hundskola.se\/#primaryimage","url":"https:\/\/www.dk9hundskola.se\/wp-content\/uploads\/2021\/10\/20200720_170952-scaled.jpg","contentUrl":"https:\/\/www.dk9hundskola.se\/wp-content\/uploads\/2021\/10\/20200720_170952-scaled.jpg","width":2560,"height":1440,"caption":"Narkotikas\u00f6k"},{"@type":"BreadcrumbList","@id":"https:\/\/www.dk9hundskola.se\/#breadcrumb","itemListElement":[{"@type":"ListItem","position":1,"name":"Hem","item":"https:\/\/www.dk9hundskola.se\/"},{"@type":"ListItem","position":2,"name":"Hem"}]},{"@type":"WebSite","@id":"https:\/\/www.dk9hundskola.se\/#website","url":"https:\/\/www.dk9hundskola.se\/","name":"DK-9 Hundskola","description":"Hundkurser, beteendeutredning","publisher":{"@id":"https:\/\/www.dk9hundskola.se\/#organization"},"potentialAction":[{"@type":"SearchAction","target":{"@type":"EntryPoint","urlTemplate":"https:\/\/www.dk9hundskola.se\/?s={search_term_string}"},"query-input":{"@type":"PropertyValueSpecification","valueRequired":true,"valueName":"search_term_string"}}],"inLanguage":"sv-SE"},{"@type":"Organization","@id":"https:\/\/www.dk9hundskola.se\/#organization","name":"DK-9 Hundskola","url":"https:\/\/www.dk9hundskola.se\/","logo":{"@type":"ImageObject","inLanguage":"sv-SE","@id":"https:\/\/www.dk9hundskola.se\/#\/schema\/logo\/image\/","url":"https:\/\/www.dk9hundskola.se\/wp-content\/uploads\/2021\/05\/logo.png","contentUrl":"https:\/\/www.dk9hundskola.se\/wp-content\/uploads\/2021\/05\/logo.png","width":349,"height":70,"caption":"DK-9 Hundskola"},"image":{"@id":"https:\/\/www.dk9hundskola.se\/#\/schema\/logo\/image\/"},"sameAs":["https:\/\/www.facebook.com\/dk9hundskola\/"]}]}},"_links":{"self":[{"href":"https:\/\/www.dk9hundskola.se\/index.php\/wp-json\/wp\/v2\/pages\/7","targetHints":{"allow":["GET"]}}],"collection":[{"href":"https:\/\/www.dk9hundskola.se\/index.php\/wp-json\/wp\/v2\/pages"}],"about":[{"href":"https:\/\/www.dk9hundskola.se\/index.php\/wp-json\/wp\/v2\/types\/page"}],"author":[{"embeddable":true,"href":"https:\/\/www.dk9hundskola.se\/index.php\/wp-json\/wp\/v2\/users\/1"}],"replies":[{"embeddable":true,"href":"https:\/\/www.dk9hundskola.se\/index.php\/wp-json\/wp\/v2\/comments?post=7"}],"version-history":[{"count":58,"href":"https:\/\/www.dk9hundskola.se\/index.php\/wp-json\/wp\/v2\/pages\/7\/revisions"}],"predecessor-version":[{"id":3064,"href":"https:\/\/www.dk9hundskola.se\/index.php\/wp-json\/wp\/v2\/pages\/7\/revisions\/3064"}],"wp:attachment":[{"href":"https:\/\/www.dk9hundskola.se\/index.php\/wp-json\/wp\/v2\/media?parent=7"}],"curies":[{"name":"wp","href":"https:\/\/api.w.org\/{rel}","templated":true}]}}