{"id":388,"date":"2022-03-30T22:37:32","date_gmt":"2022-03-30T20:37:32","guid":{"rendered":"http:\/\/www.dk9hundskola.se\/?page_id=388"},"modified":"2022-03-30T22:37:32","modified_gmt":"2022-03-30T20:37:32","slug":"personuppgiftspolicy","status":"publish","type":"page","link":"https:\/\/www.dk9hundskola.se\/index.php\/personuppgiftspolicy\/","title":{"rendered":"Personuppgiftspolicy"},"content":{"rendered":"\n<h2 class=\"wp-block-heading\">Allm\u00e4nt<\/h2>\n\n\n\n<p>D K-9 S\u00e4kerhetstj\u00e4nst AB registrerar och behandlar kunders personuppgifter i enlighet med Allm\u00e4nna dataskyddsf\u00f6rordningen (Europaparlamentets och r\u00e5dets f\u00f6rordning (EU) nr 2016\/679, GDPR). Begreppet \u201cpersonuppgift\u201d inneb\u00e4r information som direkt eller indirekt kan h\u00e4nf\u00f6ras till en person.<\/p>\n\n\n\n<p>GDPR lagen g\u00e4ller fr\u00e5n och med den 25:e maj 2018.<\/p>\n\n\n\n<h2 class=\"wp-block-heading\">R\u00e4ttslig grund f\u00f6r hantering av personuppgifter<\/h2>\n\n\n\n<p>Den r\u00e4ttsliga grunden f\u00f6r insamling och behandling av dina personuppgifter baseras p\u00e5 Dataskyddsf\u00f6rordningens formuleringar g\u00e4llande uppfyllande av avtal, samtycke samt lag- och myndighetskrav.<\/p>\n\n\n\n<h2 class=\"wp-block-heading\">\u00c4ndam\u00e5l med personuppgiftsbehandlingen<\/h2>\n\n\n\n<p>Dina personuppgifter kommer att behandlas f\u00f6r att vi som arrang\u00f6rer skall kunna fullg\u00f6ra v\u00e5ra \u00e5taganden gentemot dig.<\/p>\n\n\n\n<p>Fullg\u00f6randet kan best\u00e5 av att  leverera den tj\u00e4nst som du best\u00e4llt, samt att vid \u00e5beropat behov kunna genomf\u00f6ra kundadministration och kundv\u00e5rd.<\/p>\n\n\n\n<p>Behandling av dina personuppgifter kan \u00e4ven komma att ske f\u00f6r att vi skall kunna uppfylla f\u00f6rpliktelser enligt lagar och f\u00f6rordningar, t.ex. g\u00e4llande s\u00e4kerhet. Behandlingen kan \u00e4ven innefatta uppgifter om kontakter mellan dig och oss, t.ex. noteringar om fr\u00e5gor och klagom\u00e5l.<\/p>\n\n\n\n<p>Genom att l\u00e4mna uppgifter om ev. specialkost och personliga behov vid platsbokning samtycker du till att vi behandlar denna personuppgift i syfte att tillhandah\u00e5lla den tj\u00e4nst eller till\u00e4ggstj\u00e4nst som du best\u00e4llt.<\/p>\n\n\n\n<p>Om du aktivt samtycker till att ta emot direktmarknadsf\u00f6ring kommer dina personuppgifter anv\u00e4ndas f\u00f6r att tillhandah\u00e5lla olika erbjudanden om tj\u00e4nster och\/eller produkter fr\u00e5n oss eller v\u00e5ra samarbetspartners.<\/p>\n\n\n\n<p>Ut\u00f6ver ovan angivna \u00e4ndam\u00e5l samtycker du till att dina personuppgifter kan komma att anv\u00e4ndas som underlag f\u00f6r marknads- och kundanalyser samt riskhantering och statistik f\u00f6r att utveckla v\u00e5rt utbud och service.<\/p>\n\n\n\n<p>Du kan n\u00e4r som helst avregistrera dig fr\u00e5n, eller justera vilka erbjudanden du erh\u00e5ller fr\u00e5n oss eller v\u00e5ra samarbetspartners.<\/p>\n\n\n\n<h2 class=\"wp-block-heading\">Vilka personuppgifter som samlas in<\/h2>\n\n\n\n<p>Vi behandlar personuppgifter som du l\u00e4mnar till oss. Personuppgifter som kommer att behandlas inkluderar, men \u00e4r inte begr\u00e4nsat till; namn, f\u00f6delsedatum, adress, e-postadress och telefonnummer.<\/p>\n\n\n\n<p>I samband med best\u00e4llning kan vi \u00e4ven komma att behandla uppgifter som t.ex. \u00f6nskem\u00e5l om specialkost eller s\u00e4rskild information fr\u00e5n dig om dina personliga behov vid platsbokning inf\u00f6r arrangemanget eller \u00f6vrigt inom ramen f\u00f6r kundf\u00f6rh\u00e5llandet.<\/p>\n\n\n\n<p>Personuppgifterna l\u00e4mnar du sj\u00e4lv i samband med best\u00e4llning p\u00e5 v\u00e5r hemsida, per telefon, per e-post eller vid best\u00e4llning n\u00e4r du m\u00f6ter oss personligen.<\/p>\n\n\n\n<p>Att l\u00e4mna ifr\u00e5n sig personuppgifter \u00e4r frivilligt, men i vissa fall kan vi inte tillhandah\u00e5lla dig den tj\u00e4nst som du har best\u00e4llt om du inte l\u00e4mnar dina personuppgifter.<\/p>\n\n\n\n<h2 class=\"wp-block-heading\">Lagring av personuppgifter<\/h2>\n\n\n\n<p>Vi lagrar personuppgifter s\u00e5 l\u00e4nge det \u00e4r n\u00f6dv\u00e4ndigt f\u00f6r att uppfylla \u00e4ndam\u00e5len ovan. Genom din best\u00e4llning av tj\u00e4nst medger du att dina personuppgifter kommer att lagras av D K-9 S\u00e4kerhetstj\u00e4nst AB i tre \u00e5r.<\/p>\n\n\n\n<p>Om du inom tre \u00e5r fr\u00e5n senaste best\u00e4llning g\u00f6r en ny best\u00e4llning hos oss kommer dina personuppgifter att sparas i ytterligare tre \u00e5r.<\/p>\n\n\n\n<p>Vi behandlar aldrig dina personuppgifter under en l\u00e4ngre tid \u00e4n vad som \u00e4r till\u00e5tet enligt till\u00e4mplig lag, f\u00f6rordning, praxis eller myndighetsbeslut. Data kan exempelvis sparas l\u00e4ngre om s\u00e5 kr\u00e4vs enligt konsumentk\u00f6plagen eller bokf\u00f6ringslagen.<\/p>\n\n\n\n<p>F\u00f6r att kunna h\u00e5lla dina personuppgifter uppdaterade och korrekta kan vi komma att komplettera och uppdatera dina personuppgifter genom inh\u00e4mtning fr\u00e5n kommersiella och offentliga register.<\/p>\n\n\n\n<h2 class=\"wp-block-heading\">Vilka som kan komma att behandla personuppgifterna<\/h2>\n\n\n\n<p>Dina personuppgifter kommer att behandlas av oss. Dina personuppgifter kan \u00e4ven komma att behandlas av v\u00e5ra samarbetspartners, t.ex. hotell, resebolag, lokala samarbetspartners p\u00e5 evenemangsorten samt av leverant\u00f6rer av administrativa tj\u00e4nster samt systemtj\u00e4nster.<\/p>\n\n\n\n<h2 class=\"wp-block-heading\">Samtycke<\/h2>\n\n\n\n<p>Genom att aktivt godk\u00e4nna v\u00e5ra villkor p\u00e5 den h\u00e4r webbplatsen, vid k\u00f6p direkt fr\u00e5n oss personligen, vid k\u00f6p eller hj\u00e4lp \u00f6ver e-post eller telefon, samtycker du till insamling och behandling av dina personuppgifter enligt vad som anges i denna skrivelse.<\/p>\n\n\n\n<h2 class=\"wp-block-heading\">Dina r\u00e4ttigheter<\/h2>\n\n\n\n<p>Vi \u00e4r skyldiga att p\u00e5 din beg\u00e4ran r\u00e4tta, komplettera, blockera eller radera felaktiga personuppgifter.<\/p>\n\n\n\n<p>Den som har l\u00e4mnat samtycke till att personuppgifter behandlas, har ocks\u00e5 r\u00e4ttigheten att \u00e5terkalla detta samtycke. Om du \u00f6nskar \u00e5terkalla ditt samtycke, inv\u00e4nda mot v\u00e5r behandling eller anser att behandlingen av dina personuppgifter inte \u00e4r n\u00f6dv\u00e4ndig f\u00f6r de angivna \u00e4ndam\u00e5len, kan du beg\u00e4ra radering eller begr\u00e4nsning av dina personuppgifter eller inv\u00e4nda mot v\u00e5r behandling via email till kontakt@dk9.se<\/p>\n\n\n\n<p>F\u00f6r personuppgifter som kr\u00e4vs f\u00f6r att kunna leverera och genomf\u00f6ra en best\u00e4lld tj\u00e4nst, och ledtid f\u00f6r eventuella reklamationer, kommer ber\u00f6rda personuppgifter att raderas s\u00e5 skyndsamt som m\u00f6jligt.<\/p>\n\n\n\n<p>Du kan \u00e4ven kontakta D K-9 S\u00e4kerhetstj\u00e4nst AB per telefon +46 (0) 708-496925 om du \u00f6nskar hj\u00e4lp med n\u00e5gon av ovanst\u00e5ende \u00e5tg\u00e4rder.<\/p>\n\n\n\n<p>Vi \u00e4r skyldiga att gratis, efter din egenh\u00e4ndigt undertecknade skriftliga beg\u00e4ran, l\u00e4mna besked om personuppgifter som r\u00f6r dig behandlas eller inte. Behandlas s\u00e5dana uppgifter skall skriftlig information l\u00e4mnas ocks\u00e5 om vilka personuppgifter som behandlas om dig, varifr\u00e5n dessa uppgifter har inh\u00e4mtats, \u00e4ndam\u00e5len med behandlingen och till vilka mottagare eller kategorier av mottagare som uppgifterna har l\u00e4mnats. Denna information l\u00e4mnas i ett s.k. registerutdrag.<\/p>\n\n\n\n<p>Skicka den skriftliga beg\u00e4ran till:<\/p>\n\n\n\n<p>D K-9 S\u00e4kerhetstj\u00e4nst AB , Ringv\u00e4gen 25, 28262 Bj\u00e4rnum<\/p>\n\n\n\n<p>Vi f\u00f6rbeh\u00e5ller oss r\u00e4tten att vid uppenbart ogrundade eller orimliga beg\u00e4randen antingen ta ut en rimlig avgift som t\u00e4cker de administrativa kostnaderna f\u00f6r att tillhandah\u00e5lla den information eller vidta den \u00e5tg\u00e4rd som beg\u00e4rts, eller v\u00e4gra att tillm\u00f6tesg\u00e5 beg\u00e4ran.<\/p>\n\n\n\n<p>Du har under vissa f\u00f6ruts\u00e4ttningar r\u00e4tt att f\u00e5 ut de personuppgifter som r\u00f6r dig som du l\u00e4mnat till oss i ett strukturerat, allm\u00e4nt anv\u00e4nt och maskinl\u00e4sbart format och har r\u00e4tt att \u00f6verf\u00f6ra dessa till en annan personuppgiftsansvarig.<\/p>\n\n\n\n<p>Om du skulle ha n\u00e5gra klagom\u00e5l avseende v\u00e5r behandling av dina personuppgifter har du r\u00e4tt att inge klagom\u00e5l till svenska Datainspektionen eller annan beh\u00f6rig tillsynsmyndighet som ut\u00f6var tillsyn \u00f6ver f\u00f6retags hantering av personuppgifter.<\/p>\n\n\n\n<h2 class=\"wp-block-heading\">Personuppgiftsansvarig<\/h2>\n\n\n\n<p>D K-9 S\u00e4kerhetstj\u00e4nst AB, org. nr. 559204-4852, 0708496925, Ringv\u00e4gen 25, 28262\u00a0Bj\u00e4rnum, andreas.rimheden@telia.com \u00e4r personuppgiftsansvarig i enlighet med Allm\u00e4nna dataskyddsf\u00f6rordningen (Europaparlamentets och r\u00e5dets f\u00f6rordning (EU) nr 2016\/679, GDPR).<\/p>\n","protected":false},"excerpt":{"rendered":"<p>Allm\u00e4nt D K-9 S\u00e4kerhetstj\u00e4nst AB registrerar och behandlar kunders personuppgifter i enlighet med Allm\u00e4nna dataskyddsf\u00f6rordningen (Europaparlamentets och r\u00e5dets f\u00f6rordning (EU) nr 2016\/679, GDPR). Begreppet \u201cpersonuppgift\u201d inneb\u00e4r information som direkt eller indirekt kan h\u00e4nf\u00f6ras till en person. GDPR lagen g\u00e4ller fr\u00e5n och med den 25:e maj 2018. R\u00e4ttslig grund f\u00f6r hantering av personuppgifter Den r\u00e4ttsliga grunden&hellip; <br \/> <a class=\"button small blue\" href=\"https:\/\/www.dk9hundskola.se\/index.php\/personuppgiftspolicy\/\">L\u00e4s mer<\/a><\/p>\n","protected":false},"author":1,"featured_media":0,"parent":0,"menu_order":0,"comment_status":"closed","ping_status":"closed","template":"","meta":{"footnotes":"","_links_to":"","_links_to_target":""},"class_list":["post-388","page","type-page","status-publish","hentry"],"yoast_head":"<!-- This site is optimized with the Yoast SEO plugin v27.4 - https:\/\/yoast.com\/product\/yoast-seo-wordpress\/ -->\n<title>Personuppgiftspolicy - DK-9 Hundskola<\/title>\n<meta name=\"robots\" content=\"index, follow, max-snippet:-1, max-image-preview:large, max-video-preview:-1\" \/>\n<link rel=\"canonical\" href=\"https:\/\/www.dk9hundskola.se\/index.php\/personuppgiftspolicy\/\" \/>\n<meta property=\"og:locale\" content=\"sv_SE\" \/>\n<meta property=\"og:type\" content=\"article\" \/>\n<meta property=\"og:title\" content=\"Personuppgiftspolicy - DK-9 Hundskola\" \/>\n<meta property=\"og:description\" content=\"Allm\u00e4nt D K-9 S\u00e4kerhetstj\u00e4nst AB registrerar och behandlar kunders personuppgifter i enlighet med Allm\u00e4nna dataskyddsf\u00f6rordningen (Europaparlamentets och r\u00e5dets f\u00f6rordning (EU) nr 2016\/679, GDPR). Begreppet \u201cpersonuppgift\u201d inneb\u00e4r information som direkt eller indirekt kan h\u00e4nf\u00f6ras till en person. GDPR lagen g\u00e4ller fr\u00e5n och med den 25:e maj 2018. R\u00e4ttslig grund f\u00f6r hantering av personuppgifter Den r\u00e4ttsliga grunden&hellip; L\u00e4s mer\" \/>\n<meta property=\"og:url\" content=\"https:\/\/www.dk9hundskola.se\/index.php\/personuppgiftspolicy\/\" \/>\n<meta property=\"og:site_name\" content=\"DK-9 Hundskola\" \/>\n<meta property=\"article:publisher\" content=\"https:\/\/www.facebook.com\/dk9hundskola\/\" \/>\n<meta name=\"twitter:card\" content=\"summary_large_image\" \/>\n<meta name=\"twitter:label1\" content=\"Ber\u00e4knad l\u00e4stid\" \/>\n\t<meta name=\"twitter:data1\" content=\"6 minuter\" \/>\n<script type=\"application\/ld+json\" class=\"yoast-schema-graph\">{\"@context\":\"https:\\\/\\\/schema.org\",\"@graph\":[{\"@type\":\"WebPage\",\"@id\":\"https:\\\/\\\/www.dk9hundskola.se\\\/index.php\\\/personuppgiftspolicy\\\/\",\"url\":\"https:\\\/\\\/www.dk9hundskola.se\\\/index.php\\\/personuppgiftspolicy\\\/\",\"name\":\"Personuppgiftspolicy - DK-9 Hundskola\",\"isPartOf\":{\"@id\":\"https:\\\/\\\/www.dk9hundskola.se\\\/#website\"},\"datePublished\":\"2022-03-30T20:37:32+00:00\",\"breadcrumb\":{\"@id\":\"https:\\\/\\\/www.dk9hundskola.se\\\/index.php\\\/personuppgiftspolicy\\\/#breadcrumb\"},\"inLanguage\":\"sv-SE\",\"potentialAction\":[{\"@type\":\"ReadAction\",\"target\":[\"https:\\\/\\\/www.dk9hundskola.se\\\/index.php\\\/personuppgiftspolicy\\\/\"]}]},{\"@type\":\"BreadcrumbList\",\"@id\":\"https:\\\/\\\/www.dk9hundskola.se\\\/index.php\\\/personuppgiftspolicy\\\/#breadcrumb\",\"itemListElement\":[{\"@type\":\"ListItem\",\"position\":1,\"name\":\"Hem\",\"item\":\"https:\\\/\\\/www.dk9hundskola.se\\\/\"},{\"@type\":\"ListItem\",\"position\":2,\"name\":\"Personuppgiftspolicy\"}]},{\"@type\":\"WebSite\",\"@id\":\"https:\\\/\\\/www.dk9hundskola.se\\\/#website\",\"url\":\"https:\\\/\\\/www.dk9hundskola.se\\\/\",\"name\":\"DK-9 Hundskola\",\"description\":\"Hundkurser, beteendeutredning\",\"publisher\":{\"@id\":\"https:\\\/\\\/www.dk9hundskola.se\\\/#organization\"},\"potentialAction\":[{\"@type\":\"SearchAction\",\"target\":{\"@type\":\"EntryPoint\",\"urlTemplate\":\"https:\\\/\\\/www.dk9hundskola.se\\\/?s={search_term_string}\"},\"query-input\":{\"@type\":\"PropertyValueSpecification\",\"valueRequired\":true,\"valueName\":\"search_term_string\"}}],\"inLanguage\":\"sv-SE\"},{\"@type\":\"Organization\",\"@id\":\"https:\\\/\\\/www.dk9hundskola.se\\\/#organization\",\"name\":\"DK-9 Hundskola\",\"url\":\"https:\\\/\\\/www.dk9hundskola.se\\\/\",\"logo\":{\"@type\":\"ImageObject\",\"inLanguage\":\"sv-SE\",\"@id\":\"https:\\\/\\\/www.dk9hundskola.se\\\/#\\\/schema\\\/logo\\\/image\\\/\",\"url\":\"https:\\\/\\\/www.dk9hundskola.se\\\/wp-content\\\/uploads\\\/2021\\\/05\\\/logo.png\",\"contentUrl\":\"https:\\\/\\\/www.dk9hundskola.se\\\/wp-content\\\/uploads\\\/2021\\\/05\\\/logo.png\",\"width\":349,\"height\":70,\"caption\":\"DK-9 Hundskola\"},\"image\":{\"@id\":\"https:\\\/\\\/www.dk9hundskola.se\\\/#\\\/schema\\\/logo\\\/image\\\/\"},\"sameAs\":[\"https:\\\/\\\/www.facebook.com\\\/dk9hundskola\\\/\"]}]}<\/script>\n<!-- \/ Yoast SEO plugin. -->","yoast_head_json":{"title":"Personuppgiftspolicy - DK-9 Hundskola","robots":{"index":"index","follow":"follow","max-snippet":"max-snippet:-1","max-image-preview":"max-image-preview:large","max-video-preview":"max-video-preview:-1"},"canonical":"https:\/\/www.dk9hundskola.se\/index.php\/personuppgiftspolicy\/","og_locale":"sv_SE","og_type":"article","og_title":"Personuppgiftspolicy - DK-9 Hundskola","og_description":"Allm\u00e4nt D K-9 S\u00e4kerhetstj\u00e4nst AB registrerar och behandlar kunders personuppgifter i enlighet med Allm\u00e4nna dataskyddsf\u00f6rordningen (Europaparlamentets och r\u00e5dets f\u00f6rordning (EU) nr 2016\/679, GDPR). Begreppet \u201cpersonuppgift\u201d inneb\u00e4r information som direkt eller indirekt kan h\u00e4nf\u00f6ras till en person. GDPR lagen g\u00e4ller fr\u00e5n och med den 25:e maj 2018. R\u00e4ttslig grund f\u00f6r hantering av personuppgifter Den r\u00e4ttsliga grunden&hellip; L\u00e4s mer","og_url":"https:\/\/www.dk9hundskola.se\/index.php\/personuppgiftspolicy\/","og_site_name":"DK-9 Hundskola","article_publisher":"https:\/\/www.facebook.com\/dk9hundskola\/","twitter_card":"summary_large_image","twitter_misc":{"Ber\u00e4knad l\u00e4stid":"6 minuter"},"schema":{"@context":"https:\/\/schema.org","@graph":[{"@type":"WebPage","@id":"https:\/\/www.dk9hundskola.se\/index.php\/personuppgiftspolicy\/","url":"https:\/\/www.dk9hundskola.se\/index.php\/personuppgiftspolicy\/","name":"Personuppgiftspolicy - DK-9 Hundskola","isPartOf":{"@id":"https:\/\/www.dk9hundskola.se\/#website"},"datePublished":"2022-03-30T20:37:32+00:00","breadcrumb":{"@id":"https:\/\/www.dk9hundskola.se\/index.php\/personuppgiftspolicy\/#breadcrumb"},"inLanguage":"sv-SE","potentialAction":[{"@type":"ReadAction","target":["https:\/\/www.dk9hundskola.se\/index.php\/personuppgiftspolicy\/"]}]},{"@type":"BreadcrumbList","@id":"https:\/\/www.dk9hundskola.se\/index.php\/personuppgiftspolicy\/#breadcrumb","itemListElement":[{"@type":"ListItem","position":1,"name":"Hem","item":"https:\/\/www.dk9hundskola.se\/"},{"@type":"ListItem","position":2,"name":"Personuppgiftspolicy"}]},{"@type":"WebSite","@id":"https:\/\/www.dk9hundskola.se\/#website","url":"https:\/\/www.dk9hundskola.se\/","name":"DK-9 Hundskola","description":"Hundkurser, beteendeutredning","publisher":{"@id":"https:\/\/www.dk9hundskola.se\/#organization"},"potentialAction":[{"@type":"SearchAction","target":{"@type":"EntryPoint","urlTemplate":"https:\/\/www.dk9hundskola.se\/?s={search_term_string}"},"query-input":{"@type":"PropertyValueSpecification","valueRequired":true,"valueName":"search_term_string"}}],"inLanguage":"sv-SE"},{"@type":"Organization","@id":"https:\/\/www.dk9hundskola.se\/#organization","name":"DK-9 Hundskola","url":"https:\/\/www.dk9hundskola.se\/","logo":{"@type":"ImageObject","inLanguage":"sv-SE","@id":"https:\/\/www.dk9hundskola.se\/#\/schema\/logo\/image\/","url":"https:\/\/www.dk9hundskola.se\/wp-content\/uploads\/2021\/05\/logo.png","contentUrl":"https:\/\/www.dk9hundskola.se\/wp-content\/uploads\/2021\/05\/logo.png","width":349,"height":70,"caption":"DK-9 Hundskola"},"image":{"@id":"https:\/\/www.dk9hundskola.se\/#\/schema\/logo\/image\/"},"sameAs":["https:\/\/www.facebook.com\/dk9hundskola\/"]}]}},"_links":{"self":[{"href":"https:\/\/www.dk9hundskola.se\/index.php\/wp-json\/wp\/v2\/pages\/388","targetHints":{"allow":["GET"]}}],"collection":[{"href":"https:\/\/www.dk9hundskola.se\/index.php\/wp-json\/wp\/v2\/pages"}],"about":[{"href":"https:\/\/www.dk9hundskola.se\/index.php\/wp-json\/wp\/v2\/types\/page"}],"author":[{"embeddable":true,"href":"https:\/\/www.dk9hundskola.se\/index.php\/wp-json\/wp\/v2\/users\/1"}],"replies":[{"embeddable":true,"href":"https:\/\/www.dk9hundskola.se\/index.php\/wp-json\/wp\/v2\/comments?post=388"}],"version-history":[{"count":1,"href":"https:\/\/www.dk9hundskola.se\/index.php\/wp-json\/wp\/v2\/pages\/388\/revisions"}],"predecessor-version":[{"id":389,"href":"https:\/\/www.dk9hundskola.se\/index.php\/wp-json\/wp\/v2\/pages\/388\/revisions\/389"}],"wp:attachment":[{"href":"https:\/\/www.dk9hundskola.se\/index.php\/wp-json\/wp\/v2\/media?parent=388"}],"curies":[{"name":"wp","href":"https:\/\/api.w.org\/{rel}","templated":true}]}}