{"id":2812,"date":"2025-05-06T23:35:11","date_gmt":"2025-05-06T21:35:11","guid":{"rendered":"https:\/\/www.dk9hundskola.se\/?page_id=2812"},"modified":"2025-05-06T23:38:23","modified_gmt":"2025-05-06T21:38:23","slug":"narkotika-och-dopingsok","status":"publish","type":"page","link":"https:\/\/www.dk9hundskola.se\/index.php\/narkotika-och-dopingsok\/","title":{"rendered":"Narkotika- och dopings\u00f6k"},"content":{"rendered":"<div  data-label=\"Contact\" data-id=\"contact-2columns-section\" data-category=\"contact\" class=\"contact-2columns-section\" id=\"contact-1\" style=\"background-color: rgb(255, 255, 255); background-image: none;\" data-ovid=\"ovid-contact-1-127\"> <div  class=\"gridContainer dynamic-color\"> <div  class=\"contact-2columns-textrow\"> <div  class=\"contact-2columns-textcol\"> <h2 >Anm\u00e4lningsformul\u00e4r<\/h2> <p ><\/p> <\/div> <\/div> <div  class=\"contact-2columns-contentrow\"> <div  class=\"contact-2columns-formrow\"> <div  class=\"contact-2columns-formcol\" data-content-shortcode=\"one_page_express_contact_form shortcode=&quot;contact-form-7 id=&amp;amp;quot;23855f0&amp;amp;quot; title=&amp;amp;quot;Anm\u00e4lningsformul\u00e4r - narkotikadopings\u00f6k yrke&amp;amp;quot;&quot;\" data-editable=\"true\">\n<div class=\"wpcf7 no-js\" id=\"wpcf7-f2811-o1\" lang=\"sv-SE\" dir=\"ltr\" data-wpcf7-id=\"2811\">\n<div class=\"screen-reader-response\"><p role=\"status\" aria-live=\"polite\" aria-atomic=\"true\"><\/p> <ul><\/ul><\/div>\n<form action=\"\/index.php\/wp-json\/wp\/v2\/pages\/2812#wpcf7-f2811-o1\" method=\"post\" class=\"wpcf7-form init\" aria-label=\"Kontaktformul\u00e4r\" novalidate=\"novalidate\" data-status=\"init\">\n<fieldset class=\"hidden-fields-container\"><input type=\"hidden\" name=\"_wpcf7\" value=\"2811\" \/><input type=\"hidden\" name=\"_wpcf7_version\" value=\"6.1.5\" \/><input type=\"hidden\" name=\"_wpcf7_locale\" value=\"sv_SE\" \/><input type=\"hidden\" name=\"_wpcf7_unit_tag\" value=\"wpcf7-f2811-o1\" \/><input type=\"hidden\" name=\"_wpcf7_container_post\" value=\"0\" \/><input type=\"hidden\" name=\"_wpcf7_posted_data_hash\" value=\"\" \/>\n<\/fieldset>\n<p><label> Ditt namn<br \/>\n<span class=\"wpcf7-form-control-wrap\" data-name=\"ditt-namn\"><input size=\"40\" maxlength=\"400\" class=\"wpcf7-form-control wpcf7-text wpcf7-validates-as-required\" aria-required=\"true\" aria-invalid=\"false\" value=\"\" type=\"text\" name=\"ditt-namn\" \/><\/span> <\/label>\n<\/p>\n<p><label> Din e-post<br \/>\n<span class=\"wpcf7-form-control-wrap\" data-name=\"din-epost\"><input size=\"40\" maxlength=\"400\" class=\"wpcf7-form-control wpcf7-email wpcf7-validates-as-required wpcf7-text wpcf7-validates-as-email\" aria-required=\"true\" aria-invalid=\"false\" value=\"\" type=\"email\" name=\"din-epost\" \/><\/span> <\/label>\n<\/p>\n<p><label> Mobiltelefon<br \/>\n<span class=\"wpcf7-form-control-wrap\" data-name=\"din-telefon\"><input size=\"40\" maxlength=\"400\" class=\"wpcf7-form-control wpcf7-text wpcf7-validates-as-required\" aria-required=\"true\" aria-invalid=\"false\" value=\"\" type=\"text\" name=\"din-telefon\" \/><\/span> <\/label>\n<\/p>\n<p><label> Adress<br \/>\n<span class=\"wpcf7-form-control-wrap\" data-name=\"din-adress\"><input size=\"40\" maxlength=\"400\" class=\"wpcf7-form-control wpcf7-text wpcf7-validates-as-required\" aria-required=\"true\" aria-invalid=\"false\" value=\"\" type=\"text\" name=\"din-adress\" \/><\/span> <\/label>\n<\/p>\n<p><label> Postnummer<br \/>\n<span class=\"wpcf7-form-control-wrap\" data-name=\"ditt-postnummer\"><input size=\"40\" maxlength=\"400\" class=\"wpcf7-form-control wpcf7-text wpcf7-validates-as-required\" aria-required=\"true\" aria-invalid=\"false\" value=\"\" type=\"text\" name=\"ditt-postnummer\" \/><\/span> <\/label>\n<\/p>\n<p><label> Ort<br \/>\n<span class=\"wpcf7-form-control-wrap\" data-name=\"din-ort\"><input size=\"40\" maxlength=\"400\" class=\"wpcf7-form-control wpcf7-text wpcf7-validates-as-required\" aria-required=\"true\" aria-invalid=\"false\" value=\"\" type=\"text\" name=\"din-ort\" \/><\/span> <\/label>\n<\/p>\n<p><span class=\"wpcf7-form-control-wrap\" data-name=\"acceptance-781\"><span class=\"wpcf7-form-control wpcf7-acceptance\"><span class=\"wpcf7-list-item\"><label><input type=\"checkbox\" name=\"acceptance-781\" value=\"1\" aria-invalid=\"false\" \/><span class=\"wpcf7-list-item-label\">Jag har l\u00e4st och godk\u00e4nner <a href=\"http:\/\/www.dk9hundskola.se\/index.php\/personuppgiftspolicy\/\"> policy f\u00f6r personuppgifter<\/a><\/span><\/label><\/span><\/span><\/span>\n<\/p>\n<p><input class=\"wpcf7-form-control wpcf7-submit has-spinner\" type=\"submit\" value=\"Skicka\" \/>\n<\/p><div class=\"wpcf7-response-output\" aria-hidden=\"true\"><\/div>\n<\/form>\n<\/div>\n<\/div> <div  class=\"contact-2columns-contactcol\"> <h5 >Fyll i dina uppgifter h\u00e4r till v\u00e4nster<\/h5> <p >Observera att din anm\u00e4lan \u00e4r bindande.\n<br ><br >Vi f\u00f6ljer konsumentk\u00f6plagen, v\u00e5r kursverksamhet \u00e4r undantagen \u00e5ngerr\u00e4tten med h\u00e4nvisning till Konsumentk\u00f6plagen: Undantag fr\u00e5n \u00e5ngerr\u00e4tten 11 \u00a7 2 kap. punkt 12.\n<br ><br >Du kan kostnadsfritt avboka din plats upp till 14 dagar efter att du har f\u00e5tt bekr\u00e4ftelse via mail om din plats.\n<br ><br >\nDenna regel beh\u00f6ver vi ha f\u00f6r att inte beh\u00f6va st\u00e4lla in i sista minuten f\u00f6r andra kursdeltagare.\n<br ><br >Vi kommer att h\u00f6ra av oss med ett bekr\u00e4ftelsemail och du kommer att f\u00e5 en faktura p\u00e5 kursavgiften skickat till dig per e-post. Om du har n\u00e5gra fr\u00e5gor kan du kontakta oss p\u00e5\u2026<\/p> <h5 >Kontaktinformation<\/h5> <div  class=\"contact-2columns-itemrow\"> <div  class=\"contact-2columns-iconcol\"> <i  class=\"font-icon-contact-form fa fa-map-marker\" data-cp-fa=\"true\"> <\/i> <\/div> <div  class=\"column_284\"> <p  class=\"contact-2columns-itemtextcol\">Ringv\u00e4gen 25, 282 62 Bj\u00e4rnum<\/p> <\/div> <\/div> <div  class=\"contact-2columns-itemrow\"> <div  class=\"contact-2columns-iconcol\"> <i  class=\"font-icon-contact-form fa fa-phone\" data-cp-fa=\"true\"> <\/i> <\/div> <div  class=\"column_284\"> <p  class=\"contact-2columns-itemtextcol\">070-849 69 25<\/p> <\/div> <\/div> <div  class=\"contact-2columns-itemrow\"> <div  class=\"contact-2columns-iconcol\"> <i  class=\"font-icon-contact-form fa fa-envelope-o\" data-cp-fa=\"true\"> <\/i> <\/div> <div  class=\"column_284\"> <p  class=\"contact-2columns-itemtextcol\">kontakt@dk9.se<\/p> <\/div> <\/div> <div  class=\"contact-2columns-itemrow\"> <div  class=\"contact-2columns-iconcol\"> <i  class=\"font-icon-contact-form fa fa-fax color6\" data-cp-fa=\"true\" data-reiki-hidden=\"true\"> <\/i> <\/div> <div  class=\"column_284\"> <p  class=\"contact-2columns-itemtextcol\"><\/p> <\/div> <\/div> <\/div> <\/div> <\/div> <\/div> <\/div>","protected":false},"excerpt":{"rendered":"<p>Anm\u00e4lningsformul\u00e4r Fyll i dina uppgifter h\u00e4r till v\u00e4nster Observera att din anm\u00e4lan \u00e4r bindande. Vi f\u00f6ljer konsumentk\u00f6plagen, v\u00e5r kursverksamhet \u00e4r undantagen \u00e5ngerr\u00e4tten med h\u00e4nvisning till Konsumentk\u00f6plagen: Undantag fr\u00e5n \u00e5ngerr\u00e4tten 11 \u00a7 2 kap. punkt 12. Du kan kostnadsfritt avboka din plats upp till 14 dagar efter att du har f\u00e5tt bekr\u00e4ftelse via mail om din&hellip; <br \/> <a class=\"button small blue\" href=\"https:\/\/www.dk9hundskola.se\/index.php\/2021\/05\/05\/hej-varlden\/\">L\u00e4s mer<\/a><\/p>\n","protected":false},"author":1,"featured_media":0,"parent":0,"menu_order":0,"comment_status":"closed","ping_status":"closed","template":"full-width-page.php","meta":{"footnotes":"","_links_to":"","_links_to_target":""},"class_list":["post-2812","page","type-page","status-publish","hentry"],"yoast_head":"<!-- This site is optimized with the Yoast SEO plugin v27.4 - https:\/\/yoast.com\/product\/yoast-seo-wordpress\/ -->\n<title>Narkotika- och dopings\u00f6k - DK-9 Hundskola<\/title>\n<meta name=\"robots\" content=\"index, follow, max-snippet:-1, max-image-preview:large, max-video-preview:-1\" \/>\n<link rel=\"canonical\" href=\"https:\/\/www.dk9hundskola.se\/index.php\/narkotika-och-dopingsok\/\" \/>\n<meta property=\"og:locale\" content=\"sv_SE\" \/>\n<meta property=\"og:type\" content=\"article\" \/>\n<meta property=\"og:title\" content=\"Narkotika- och dopings\u00f6k - DK-9 Hundskola\" \/>\n<meta property=\"og:description\" content=\"Anm\u00e4lningsformul\u00e4r Fyll i dina uppgifter h\u00e4r till v\u00e4nster Observera att din anm\u00e4lan \u00e4r bindande. Vi f\u00f6ljer konsumentk\u00f6plagen, v\u00e5r kursverksamhet \u00e4r undantagen \u00e5ngerr\u00e4tten med h\u00e4nvisning till Konsumentk\u00f6plagen: Undantag fr\u00e5n \u00e5ngerr\u00e4tten 11 \u00a7 2 kap. punkt 12. Du kan kostnadsfritt avboka din plats upp till 14 dagar efter att du har f\u00e5tt bekr\u00e4ftelse via mail om din&hellip; L\u00e4s mer\" \/>\n<meta property=\"og:url\" content=\"https:\/\/www.dk9hundskola.se\/index.php\/narkotika-och-dopingsok\/\" \/>\n<meta property=\"og:site_name\" content=\"DK-9 Hundskola\" \/>\n<meta property=\"article:publisher\" content=\"https:\/\/www.facebook.com\/dk9hundskola\/\" \/>\n<meta property=\"article:modified_time\" content=\"2025-05-06T21:38:23+00:00\" \/>\n<meta name=\"twitter:card\" content=\"summary_large_image\" \/>\n<script type=\"application\/ld+json\" class=\"yoast-schema-graph\">{\"@context\":\"https:\\\/\\\/schema.org\",\"@graph\":[{\"@type\":\"WebPage\",\"@id\":\"https:\\\/\\\/www.dk9hundskola.se\\\/index.php\\\/narkotika-och-dopingsok\\\/\",\"url\":\"https:\\\/\\\/www.dk9hundskola.se\\\/index.php\\\/narkotika-och-dopingsok\\\/\",\"name\":\"Narkotika- och dopings\u00f6k - DK-9 Hundskola\",\"isPartOf\":{\"@id\":\"https:\\\/\\\/www.dk9hundskola.se\\\/#website\"},\"datePublished\":\"2025-05-06T21:35:11+00:00\",\"dateModified\":\"2025-05-06T21:38:23+00:00\",\"breadcrumb\":{\"@id\":\"https:\\\/\\\/www.dk9hundskola.se\\\/index.php\\\/narkotika-och-dopingsok\\\/#breadcrumb\"},\"inLanguage\":\"sv-SE\",\"potentialAction\":[{\"@type\":\"ReadAction\",\"target\":[\"https:\\\/\\\/www.dk9hundskola.se\\\/index.php\\\/narkotika-och-dopingsok\\\/\"]}]},{\"@type\":\"BreadcrumbList\",\"@id\":\"https:\\\/\\\/www.dk9hundskola.se\\\/index.php\\\/narkotika-och-dopingsok\\\/#breadcrumb\",\"itemListElement\":[{\"@type\":\"ListItem\",\"position\":1,\"name\":\"Hem\",\"item\":\"https:\\\/\\\/www.dk9hundskola.se\\\/\"},{\"@type\":\"ListItem\",\"position\":2,\"name\":\"Narkotika- och dopings\u00f6k\"}]},{\"@type\":\"WebSite\",\"@id\":\"https:\\\/\\\/www.dk9hundskola.se\\\/#website\",\"url\":\"https:\\\/\\\/www.dk9hundskola.se\\\/\",\"name\":\"DK-9 Hundskola\",\"description\":\"Hundkurser, beteendeutredning\",\"publisher\":{\"@id\":\"https:\\\/\\\/www.dk9hundskola.se\\\/#organization\"},\"potentialAction\":[{\"@type\":\"SearchAction\",\"target\":{\"@type\":\"EntryPoint\",\"urlTemplate\":\"https:\\\/\\\/www.dk9hundskola.se\\\/?s={search_term_string}\"},\"query-input\":{\"@type\":\"PropertyValueSpecification\",\"valueRequired\":true,\"valueName\":\"search_term_string\"}}],\"inLanguage\":\"sv-SE\"},{\"@type\":\"Organization\",\"@id\":\"https:\\\/\\\/www.dk9hundskola.se\\\/#organization\",\"name\":\"DK-9 Hundskola\",\"url\":\"https:\\\/\\\/www.dk9hundskola.se\\\/\",\"logo\":{\"@type\":\"ImageObject\",\"inLanguage\":\"sv-SE\",\"@id\":\"https:\\\/\\\/www.dk9hundskola.se\\\/#\\\/schema\\\/logo\\\/image\\\/\",\"url\":\"https:\\\/\\\/www.dk9hundskola.se\\\/wp-content\\\/uploads\\\/2021\\\/05\\\/logo.png\",\"contentUrl\":\"https:\\\/\\\/www.dk9hundskola.se\\\/wp-content\\\/uploads\\\/2021\\\/05\\\/logo.png\",\"width\":349,\"height\":70,\"caption\":\"DK-9 Hundskola\"},\"image\":{\"@id\":\"https:\\\/\\\/www.dk9hundskola.se\\\/#\\\/schema\\\/logo\\\/image\\\/\"},\"sameAs\":[\"https:\\\/\\\/www.facebook.com\\\/dk9hundskola\\\/\"]}]}<\/script>\n<!-- \/ Yoast SEO plugin. -->","yoast_head_json":{"title":"Narkotika- och dopings\u00f6k - DK-9 Hundskola","robots":{"index":"index","follow":"follow","max-snippet":"max-snippet:-1","max-image-preview":"max-image-preview:large","max-video-preview":"max-video-preview:-1"},"canonical":"https:\/\/www.dk9hundskola.se\/index.php\/narkotika-och-dopingsok\/","og_locale":"sv_SE","og_type":"article","og_title":"Narkotika- och dopings\u00f6k - DK-9 Hundskola","og_description":"Anm\u00e4lningsformul\u00e4r Fyll i dina uppgifter h\u00e4r till v\u00e4nster Observera att din anm\u00e4lan \u00e4r bindande. Vi f\u00f6ljer konsumentk\u00f6plagen, v\u00e5r kursverksamhet \u00e4r undantagen \u00e5ngerr\u00e4tten med h\u00e4nvisning till Konsumentk\u00f6plagen: Undantag fr\u00e5n \u00e5ngerr\u00e4tten 11 \u00a7 2 kap. punkt 12. Du kan kostnadsfritt avboka din plats upp till 14 dagar efter att du har f\u00e5tt bekr\u00e4ftelse via mail om din&hellip; L\u00e4s mer","og_url":"https:\/\/www.dk9hundskola.se\/index.php\/narkotika-och-dopingsok\/","og_site_name":"DK-9 Hundskola","article_publisher":"https:\/\/www.facebook.com\/dk9hundskola\/","article_modified_time":"2025-05-06T21:38:23+00:00","twitter_card":"summary_large_image","schema":{"@context":"https:\/\/schema.org","@graph":[{"@type":"WebPage","@id":"https:\/\/www.dk9hundskola.se\/index.php\/narkotika-och-dopingsok\/","url":"https:\/\/www.dk9hundskola.se\/index.php\/narkotika-och-dopingsok\/","name":"Narkotika- och dopings\u00f6k - DK-9 Hundskola","isPartOf":{"@id":"https:\/\/www.dk9hundskola.se\/#website"},"datePublished":"2025-05-06T21:35:11+00:00","dateModified":"2025-05-06T21:38:23+00:00","breadcrumb":{"@id":"https:\/\/www.dk9hundskola.se\/index.php\/narkotika-och-dopingsok\/#breadcrumb"},"inLanguage":"sv-SE","potentialAction":[{"@type":"ReadAction","target":["https:\/\/www.dk9hundskola.se\/index.php\/narkotika-och-dopingsok\/"]}]},{"@type":"BreadcrumbList","@id":"https:\/\/www.dk9hundskola.se\/index.php\/narkotika-och-dopingsok\/#breadcrumb","itemListElement":[{"@type":"ListItem","position":1,"name":"Hem","item":"https:\/\/www.dk9hundskola.se\/"},{"@type":"ListItem","position":2,"name":"Narkotika- och dopings\u00f6k"}]},{"@type":"WebSite","@id":"https:\/\/www.dk9hundskola.se\/#website","url":"https:\/\/www.dk9hundskola.se\/","name":"DK-9 Hundskola","description":"Hundkurser, beteendeutredning","publisher":{"@id":"https:\/\/www.dk9hundskola.se\/#organization"},"potentialAction":[{"@type":"SearchAction","target":{"@type":"EntryPoint","urlTemplate":"https:\/\/www.dk9hundskola.se\/?s={search_term_string}"},"query-input":{"@type":"PropertyValueSpecification","valueRequired":true,"valueName":"search_term_string"}}],"inLanguage":"sv-SE"},{"@type":"Organization","@id":"https:\/\/www.dk9hundskola.se\/#organization","name":"DK-9 Hundskola","url":"https:\/\/www.dk9hundskola.se\/","logo":{"@type":"ImageObject","inLanguage":"sv-SE","@id":"https:\/\/www.dk9hundskola.se\/#\/schema\/logo\/image\/","url":"https:\/\/www.dk9hundskola.se\/wp-content\/uploads\/2021\/05\/logo.png","contentUrl":"https:\/\/www.dk9hundskola.se\/wp-content\/uploads\/2021\/05\/logo.png","width":349,"height":70,"caption":"DK-9 Hundskola"},"image":{"@id":"https:\/\/www.dk9hundskola.se\/#\/schema\/logo\/image\/"},"sameAs":["https:\/\/www.facebook.com\/dk9hundskola\/"]}]}},"_links":{"self":[{"href":"https:\/\/www.dk9hundskola.se\/index.php\/wp-json\/wp\/v2\/pages\/2812","targetHints":{"allow":["GET"]}}],"collection":[{"href":"https:\/\/www.dk9hundskola.se\/index.php\/wp-json\/wp\/v2\/pages"}],"about":[{"href":"https:\/\/www.dk9hundskola.se\/index.php\/wp-json\/wp\/v2\/types\/page"}],"author":[{"embeddable":true,"href":"https:\/\/www.dk9hundskola.se\/index.php\/wp-json\/wp\/v2\/users\/1"}],"replies":[{"embeddable":true,"href":"https:\/\/www.dk9hundskola.se\/index.php\/wp-json\/wp\/v2\/comments?post=2812"}],"version-history":[{"count":3,"href":"https:\/\/www.dk9hundskola.se\/index.php\/wp-json\/wp\/v2\/pages\/2812\/revisions"}],"predecessor-version":[{"id":2817,"href":"https:\/\/www.dk9hundskola.se\/index.php\/wp-json\/wp\/v2\/pages\/2812\/revisions\/2817"}],"wp:attachment":[{"href":"https:\/\/www.dk9hundskola.se\/index.php\/wp-json\/wp\/v2\/media?parent=2812"}],"curies":[{"name":"wp","href":"https:\/\/api.w.org\/{rel}","templated":true}]}}